{"id":9920,"date":"2022-06-07T11:02:31","date_gmt":"2022-06-07T11:02:31","guid":{"rendered":"https:\/\/new2022.alfajar.es\/producto\/ninfa-ii-2"},"modified":"2023-01-16T17:16:02","modified_gmt":"2023-01-16T17:16:02","slug":"ninfa-ii","status":"publish","type":"product","link":"https:\/\/alfajar.es\/en\/product\/ninfa-ii","title":{"rendered":"Ninfa II"},"content":{"rendered":"<p><span style=\"font-weight: 400;\">Ninfa II is a ceramic sculpture of a nymph made of stoneware on an iron stand. The surface treatment is unique, handmade with iron, manganese, cobalt oxides and ash glazes, combining wax reserve and sgraffito techniques. It is finished in a single firing at 1250\u00ba C in an oxidizing atmosphere. Support included in the price.<\/span><\/p>\n<p><span style=\"font-weight: 400;\">The nymphs are the divinities of clear waters and springs; they spawn and raise heroes, according to classical mythologies. They arouse veneration and fear at the same time. They represent, in the collective imagination, the expression of feminine attributes and constitute the source of inspiration for our sculptural version of the nymph.<\/span><\/p>\n<h3><span style=\"font-weight: 400;\">The beauty of Ninfa II.<\/span><\/h3>\n<p><span style=\"font-weight: 400;\">Countless times women are represented as muses or nymphs, divinities that arouse veneration and fear at the same time. They represent in the collective imagination the expression of feminine attributes that constitute an eternal source of inspiration. In Alfajar we always keep this beauty in mind, varying the way of representing them in different supports and materials.<\/span><\/p>\n<p><span style=\"font-weight: 400;\">After 30 years of experience, we can assure that the objective of Alfajar is to express the inner relationship of each person with the world, and therefore, with the nature around them. In this case through sculpture, transferring that relationship with the world to a round shape and with the wide range of bottles and vases we have.<\/span><\/p>\n<p><span style=\"font-weight: 400;\">The shapes are inspired by traditional vases from the different cultures that once populated the Mediterranean: Etruscan, Iberian, Mycenaean, Muslim, Greek and Roman, although treated with a coherence of style that implies geometrically stylized silhouettes and a simplification of volumes and structures.<\/span><\/p>\n<p><span style=\"font-weight: 400;\">Cubism and expressionism also play a very important role in our work. Our intention is to achieve that synthesis between the simplification of classical Mediterranean forms and the avant-garde of the 20th century, in this case applied to sculpture.<\/span><\/p>\n","protected":false},"excerpt":{"rendered":"Ceramic sculpture of a dancer in stoneware on an iron stand. Each piece is unique, 100% handmade in Malaga, Spain. Approximate dimensions: 25x20x45 cm.","protected":false},"featured_media":9616,"template":"","meta":[],"especial_taxonomy_product":[],"product_cat":[66],"product_tag":[],"acf":[],"yoast_head":"<!-- This site is optimized with the Yoast SEO plugin v21.7 - https:\/\/yoast.com\/wordpress\/plugins\/seo\/ -->\n<title>Ninfa II - Alfajar<\/title>\n<meta name=\"description\" content=\"Ninfa II es una escultura cer\u00e1mica de bailarina en gres sobre stand de hierro. Cada pieza es \u00fanica, hecha a mano 100% en Alfajar, M\u00e1laga, Espa\u00f1a.\" \/>\n<meta name=\"robots\" content=\"index, follow, max-snippet:-1, max-image-preview:large, max-video-preview:-1\" \/>\n<link rel=\"canonical\" href=\"https:\/\/alfajar.es\/en\/product\/ninfa-ii\" \/>\n<meta property=\"og:locale\" content=\"en_US\" \/>\n<meta property=\"og:type\" content=\"article\" \/>\n<meta property=\"og:title\" content=\"Ninfa II - Alfajar\" \/>\n<meta property=\"og:description\" content=\"Ninfa II es una escultura cer\u00e1mica de bailarina en gres sobre stand de hierro. Cada pieza es \u00fanica, hecha a mano 100% en Alfajar, M\u00e1laga, Espa\u00f1a.\" \/>\n<meta property=\"og:url\" content=\"https:\/\/alfajar.es\/en\/product\/ninfa-ii\" \/>\n<meta property=\"og:site_name\" content=\"Alfajar\" \/>\n<meta property=\"article:publisher\" content=\"https:\/\/es-es.facebook.com\/alfajarmalaga\/\" \/>\n<meta property=\"article:modified_time\" content=\"2023-01-16T17:16:02+00:00\" \/>\n<meta property=\"og:image\" content=\"https:\/\/alfajar.es\/contenido\/subidas\/2022\/06\/ninfa_r.jpg\" \/>\n\t<meta property=\"og:image:width\" content=\"700\" \/>\n\t<meta property=\"og:image:height\" content=\"700\" \/>\n\t<meta property=\"og:image:type\" content=\"image\/jpeg\" \/>\n<meta name=\"twitter:card\" content=\"summary_large_image\" \/>\n<meta name=\"twitter:label1\" content=\"Est. reading time\" \/>\n\t<meta name=\"twitter:data1\" content=\"2 minutes\" \/>\n<script type=\"application\/ld+json\" class=\"yoast-schema-graph\">{\"@context\":\"https:\/\/schema.org\",\"@graph\":[{\"@type\":\"WebPage\",\"@id\":\"https:\/\/alfajar.es\/en\/product\/ninfa-ii\",\"url\":\"https:\/\/alfajar.es\/en\/product\/ninfa-ii\",\"name\":\"Ninfa II - Alfajar\",\"isPartOf\":{\"@id\":\"https:\/\/alfajar.es\/en#website\"},\"datePublished\":\"2022-06-07T11:02:31+00:00\",\"dateModified\":\"2023-01-16T17:16:02+00:00\",\"description\":\"Ninfa II es una escultura cer\u00e1mica de bailarina en gres sobre stand de hierro. Cada pieza es \u00fanica, hecha a mano 100% en Alfajar, M\u00e1laga, Espa\u00f1a.\",\"breadcrumb\":{\"@id\":\"https:\/\/alfajar.es\/en\/product\/ninfa-ii#breadcrumb\"},\"inLanguage\":\"en-US\",\"potentialAction\":[{\"@type\":\"ReadAction\",\"target\":[\"https:\/\/alfajar.es\/en\/product\/ninfa-ii\"]}]},{\"@type\":\"BreadcrumbList\",\"@id\":\"https:\/\/alfajar.es\/en\/product\/ninfa-ii#breadcrumb\",\"itemListElement\":[{\"@type\":\"ListItem\",\"position\":1,\"name\":\"Portada\",\"item\":\"https:\/\/alfajar.es\/en\"},{\"@type\":\"ListItem\",\"position\":2,\"name\":\"Shop\",\"item\":\"https:\/\/alfajar.es\/en\/shop\"},{\"@type\":\"ListItem\",\"position\":3,\"name\":\"Ninfa II\"}]},{\"@type\":\"WebSite\",\"@id\":\"https:\/\/alfajar.es\/en#website\",\"url\":\"https:\/\/alfajar.es\/en\",\"name\":\"Alfajar\",\"description\":\"Tienda de Cer\u00e1mica Artesanal\",\"publisher\":{\"@id\":\"https:\/\/alfajar.es\/en#organization\"},\"potentialAction\":[{\"@type\":\"SearchAction\",\"target\":{\"@type\":\"EntryPoint\",\"urlTemplate\":\"https:\/\/alfajar.es\/en?s={search_term_string}\"},\"query-input\":\"required name=search_term_string\"}],\"inLanguage\":\"en-US\"},{\"@type\":\"Organization\",\"@id\":\"https:\/\/alfajar.es\/en#organization\",\"name\":\"Alfajar\",\"url\":\"https:\/\/alfajar.es\/en\",\"logo\":{\"@type\":\"ImageObject\",\"inLanguage\":\"en-US\",\"@id\":\"https:\/\/alfajar.es\/en#\/schema\/logo\/image\/\",\"url\":\"\",\"contentUrl\":\"\",\"caption\":\"Alfajar\"},\"image\":{\"@id\":\"https:\/\/alfajar.es\/en#\/schema\/logo\/image\/\"},\"sameAs\":[\"https:\/\/es-es.facebook.com\/alfajarmalaga\/\",\"https:\/\/www.instagram.com\/alfajarmalaga\/\"]}]}<\/script>\n<!-- \/ Yoast SEO plugin. -->","yoast_head_json":{"title":"Ninfa II - Alfajar","description":"Ninfa II es una escultura cer\u00e1mica de bailarina en gres sobre stand de hierro. Cada pieza es \u00fanica, hecha a mano 100% en Alfajar, M\u00e1laga, Espa\u00f1a.","robots":{"index":"index","follow":"follow","max-snippet":"max-snippet:-1","max-image-preview":"max-image-preview:large","max-video-preview":"max-video-preview:-1"},"canonical":"https:\/\/alfajar.es\/en\/product\/ninfa-ii","og_locale":"en_US","og_type":"article","og_title":"Ninfa II - Alfajar","og_description":"Ninfa II es una escultura cer\u00e1mica de bailarina en gres sobre stand de hierro. Cada pieza es \u00fanica, hecha a mano 100% en Alfajar, M\u00e1laga, Espa\u00f1a.","og_url":"https:\/\/alfajar.es\/en\/product\/ninfa-ii","og_site_name":"Alfajar","article_publisher":"https:\/\/es-es.facebook.com\/alfajarmalaga\/","article_modified_time":"2023-01-16T17:16:02+00:00","og_image":[{"width":700,"height":700,"url":"https:\/\/alfajar.es\/contenido\/subidas\/2022\/06\/ninfa_r.jpg","type":"image\/jpeg"}],"twitter_card":"summary_large_image","twitter_misc":{"Est. reading time":"2 minutes"},"schema":{"@context":"https:\/\/schema.org","@graph":[{"@type":"WebPage","@id":"https:\/\/alfajar.es\/en\/product\/ninfa-ii","url":"https:\/\/alfajar.es\/en\/product\/ninfa-ii","name":"Ninfa II - Alfajar","isPartOf":{"@id":"https:\/\/alfajar.es\/en#website"},"datePublished":"2022-06-07T11:02:31+00:00","dateModified":"2023-01-16T17:16:02+00:00","description":"Ninfa II es una escultura cer\u00e1mica de bailarina en gres sobre stand de hierro. Cada pieza es \u00fanica, hecha a mano 100% en Alfajar, M\u00e1laga, Espa\u00f1a.","breadcrumb":{"@id":"https:\/\/alfajar.es\/en\/product\/ninfa-ii#breadcrumb"},"inLanguage":"en-US","potentialAction":[{"@type":"ReadAction","target":["https:\/\/alfajar.es\/en\/product\/ninfa-ii"]}]},{"@type":"BreadcrumbList","@id":"https:\/\/alfajar.es\/en\/product\/ninfa-ii#breadcrumb","itemListElement":[{"@type":"ListItem","position":1,"name":"Portada","item":"https:\/\/alfajar.es\/en"},{"@type":"ListItem","position":2,"name":"Shop","item":"https:\/\/alfajar.es\/en\/shop"},{"@type":"ListItem","position":3,"name":"Ninfa II"}]},{"@type":"WebSite","@id":"https:\/\/alfajar.es\/en#website","url":"https:\/\/alfajar.es\/en","name":"Alfajar","description":"Tienda de Cer\u00e1mica Artesanal","publisher":{"@id":"https:\/\/alfajar.es\/en#organization"},"potentialAction":[{"@type":"SearchAction","target":{"@type":"EntryPoint","urlTemplate":"https:\/\/alfajar.es\/en?s={search_term_string}"},"query-input":"required name=search_term_string"}],"inLanguage":"en-US"},{"@type":"Organization","@id":"https:\/\/alfajar.es\/en#organization","name":"Alfajar","url":"https:\/\/alfajar.es\/en","logo":{"@type":"ImageObject","inLanguage":"en-US","@id":"https:\/\/alfajar.es\/en#\/schema\/logo\/image\/","url":"","contentUrl":"","caption":"Alfajar"},"image":{"@id":"https:\/\/alfajar.es\/en#\/schema\/logo\/image\/"},"sameAs":["https:\/\/es-es.facebook.com\/alfajarmalaga\/","https:\/\/www.instagram.com\/alfajarmalaga\/"]}]}},"_links":{"self":[{"href":"https:\/\/alfajar.es\/en\/wp-json\/wp\/v2\/product\/9920"}],"collection":[{"href":"https:\/\/alfajar.es\/en\/wp-json\/wp\/v2\/product"}],"about":[{"href":"https:\/\/alfajar.es\/en\/wp-json\/wp\/v2\/types\/product"}],"wp:featuredmedia":[{"embeddable":true,"href":"https:\/\/alfajar.es\/en\/wp-json\/wp\/v2\/media\/9616"}],"wp:attachment":[{"href":"https:\/\/alfajar.es\/en\/wp-json\/wp\/v2\/media?parent=9920"}],"wp:term":[{"taxonomy":"especial_taxonomy_product","embeddable":true,"href":"https:\/\/alfajar.es\/en\/wp-json\/wp\/v2\/especial_taxonomy_product?post=9920"},{"taxonomy":"product_cat","embeddable":true,"href":"https:\/\/alfajar.es\/en\/wp-json\/wp\/v2\/product_cat?post=9920"},{"taxonomy":"product_tag","embeddable":true,"href":"https:\/\/alfajar.es\/en\/wp-json\/wp\/v2\/product_tag?post=9920"}],"curies":[{"name":"wp","href":"https:\/\/api.w.org\/{rel}","templated":true}]}}