{"id":4829,"date":"2022-06-09T13:14:13","date_gmt":"2022-10-31T15:23:49","guid":{"rendered":"https:\/\/alfajar.branng.com\/?post_type=product&#038;p=4829"},"modified":"2025-12-23T11:04:08","modified_gmt":"2025-12-23T10:04:08","slug":"lampara-conica-color","status":"publish","type":"product","link":"https:\/\/alfajar.es\/en\/product\/lampara-conica-color","title":{"rendered":"L\u00e1mpara c\u00f3nica color"},"content":{"rendered":"<p><span style=\"font-weight: 400;\">L\u00e1mpara c\u00f3nica color (Color conical lamp)\u00a0is a decorative element that adds beauty to the space and modifies the intensity and quality of light in each room.<\/span><\/p>\n<h4><span style=\"font-weight: 400;\">Ceramic piece dimensions: 19,5&#215;19,5&#215;18,5cm.<\/span><\/h4>\n<h4><span style=\"font-weight: 400;\">Screen dimensions: 30x30x22 cm.<\/span><\/h4>\n<h4><span style=\"font-weight: 400;\">Approximate dimensions piece with screen: 30x30x37cm.<\/span><\/h4>\n<p><span style=\"font-weight: 400;\">The screen is included in all our lamp models. The designs, colors and sizes of the screen can vary, modifying the final size of the piece. We choose each screen taking into account the decoration of the piece. They are normally neutral colors that combine with the lamp.<\/span><\/p>\n<p><span style=\"font-weight: 400;\">As an everyday object in every home, the lamp has changed, since its inception, the quality of life of human beings. Primitive man had the need to control the light and make the long, dark nights more pleasant. In its evolution over the centuries we can find everything from primitive fires, bonfires, torches, lamps without or with a wick, oil lamps or lanterns with scrim wicks or vegetable fibers impregnated with oil or fat. Most recent luminaires are lamps and lanterns traditionally made of clay, iron and bronze, adopting capricious and varied forms, improving their design and use with the different advances in society. Oil, gas and then electricity have been the energies that have considerably modified their presence in each house. Until today, as we can control the beauty and quality of light in a considerable way in an infinite game of lighting.<\/span><\/p>\n<h3><span style=\"font-weight: 400;\">L\u00e1mpara c\u00f3nica color (color conical lamp) is a unique and special piece.<\/span><\/h3>\n<p><span style=\"font-weight: 400;\">It is very important to note that you can buy the models available in the store and choose the one you like the most. But when placing an order through our website for any of the models, you must accept the exclusivity that the piece will have when it is received. Each piece is different in its treatment in terms of the use of color and the expressiveness of lines and stains, which makes it even more unique and special. We always work following our line of work but in this case the brushes decide.<\/span><\/p>\n","protected":false},"excerpt":{"rendered":"<span style=\"font-weight: 400;\">A unique piece of majolica fired at 1050\u00ba C, decorated with ceramic pigments and glazed with transparent enamels at 980\u00ba C.<\/span>","protected":false},"featured_media":6262,"template":"","meta":[],"especial_taxonomy_product":[],"product_cat":[71,73],"product_tag":[],"acf":[],"yoast_head":"<!-- This site is optimized with the Yoast SEO plugin v21.7 - https:\/\/yoast.com\/wordpress\/plugins\/seo\/ -->\n<title>L\u00e1mpara c\u00f3nica color - Alfajar<\/title>\n<meta name=\"description\" content=\"L\u00e1mpara c\u00f3nica color: A unique piece of majolica fired at 1050\u00ba C, decorated with ceramic pigments and glazed with transparent enamels at 980\u00ba C.\" \/>\n<meta name=\"robots\" content=\"index, follow, max-snippet:-1, max-image-preview:large, max-video-preview:-1\" \/>\n<link rel=\"canonical\" href=\"https:\/\/alfajar.es\/en\/product\/lampara-conica-color\" \/>\n<meta property=\"og:locale\" content=\"en_US\" \/>\n<meta property=\"og:type\" content=\"article\" \/>\n<meta property=\"og:title\" content=\"L\u00e1mpara c\u00f3nica color - Alfajar\" \/>\n<meta property=\"og:description\" content=\"L\u00e1mpara c\u00f3nica color: A unique piece of majolica fired at 1050\u00ba C, decorated with ceramic pigments and glazed with transparent enamels at 980\u00ba C.\" \/>\n<meta property=\"og:url\" content=\"https:\/\/alfajar.es\/en\/product\/lampara-conica-color\" \/>\n<meta property=\"og:site_name\" content=\"Alfajar\" \/>\n<meta property=\"article:publisher\" content=\"https:\/\/es-es.facebook.com\/alfajarmalaga\/\" \/>\n<meta property=\"article:modified_time\" content=\"2025-12-23T10:04:08+00:00\" \/>\n<meta property=\"og:image\" content=\"https:\/\/alfajar.es\/contenido\/subidas\/2022\/06\/0026lc-alfajar-ceramica-lamparas-lampara-conica-color-1-2.jpg\" \/>\n\t<meta property=\"og:image:width\" content=\"1600\" \/>\n\t<meta property=\"og:image:height\" content=\"1600\" \/>\n\t<meta property=\"og:image:type\" content=\"image\/jpeg\" \/>\n<meta name=\"twitter:card\" content=\"summary_large_image\" \/>\n<meta name=\"twitter:label1\" content=\"Est. reading time\" \/>\n\t<meta name=\"twitter:data1\" content=\"2 minutes\" \/>\n<script type=\"application\/ld+json\" class=\"yoast-schema-graph\">{\"@context\":\"https:\/\/schema.org\",\"@graph\":[{\"@type\":\"WebPage\",\"@id\":\"https:\/\/alfajar.es\/en\/product\/lampara-conica-color\",\"url\":\"https:\/\/alfajar.es\/en\/product\/lampara-conica-color\",\"name\":\"L\u00e1mpara c\u00f3nica color - Alfajar\",\"isPartOf\":{\"@id\":\"https:\/\/alfajar.es\/en#website\"},\"datePublished\":\"2022-10-31T15:23:49+00:00\",\"dateModified\":\"2025-12-23T10:04:08+00:00\",\"description\":\"L\u00e1mpara c\u00f3nica color: A unique piece of majolica fired at 1050\u00ba C, decorated with ceramic pigments and glazed with transparent enamels at 980\u00ba C.\",\"breadcrumb\":{\"@id\":\"https:\/\/alfajar.es\/en\/product\/lampara-conica-color#breadcrumb\"},\"inLanguage\":\"en-US\",\"potentialAction\":[{\"@type\":\"ReadAction\",\"target\":[\"https:\/\/alfajar.es\/en\/product\/lampara-conica-color\"]}]},{\"@type\":\"BreadcrumbList\",\"@id\":\"https:\/\/alfajar.es\/en\/product\/lampara-conica-color#breadcrumb\",\"itemListElement\":[{\"@type\":\"ListItem\",\"position\":1,\"name\":\"Portada\",\"item\":\"https:\/\/alfajar.es\/en\"},{\"@type\":\"ListItem\",\"position\":2,\"name\":\"Shop\",\"item\":\"https:\/\/alfajar.es\/en\/shop\"},{\"@type\":\"ListItem\",\"position\":3,\"name\":\"L\u00e1mpara c\u00f3nica color\"}]},{\"@type\":\"WebSite\",\"@id\":\"https:\/\/alfajar.es\/en#website\",\"url\":\"https:\/\/alfajar.es\/en\",\"name\":\"Alfajar\",\"description\":\"Tienda de Cer\u00e1mica Artesanal\",\"publisher\":{\"@id\":\"https:\/\/alfajar.es\/en#organization\"},\"potentialAction\":[{\"@type\":\"SearchAction\",\"target\":{\"@type\":\"EntryPoint\",\"urlTemplate\":\"https:\/\/alfajar.es\/en?s={search_term_string}\"},\"query-input\":\"required name=search_term_string\"}],\"inLanguage\":\"en-US\"},{\"@type\":\"Organization\",\"@id\":\"https:\/\/alfajar.es\/en#organization\",\"name\":\"Alfajar\",\"url\":\"https:\/\/alfajar.es\/en\",\"logo\":{\"@type\":\"ImageObject\",\"inLanguage\":\"en-US\",\"@id\":\"https:\/\/alfajar.es\/en#\/schema\/logo\/image\/\",\"url\":\"\",\"contentUrl\":\"\",\"caption\":\"Alfajar\"},\"image\":{\"@id\":\"https:\/\/alfajar.es\/en#\/schema\/logo\/image\/\"},\"sameAs\":[\"https:\/\/es-es.facebook.com\/alfajarmalaga\/\",\"https:\/\/www.instagram.com\/alfajarmalaga\/\"]}]}<\/script>\n<!-- \/ Yoast SEO plugin. -->","yoast_head_json":{"title":"L\u00e1mpara c\u00f3nica color - Alfajar","description":"L\u00e1mpara c\u00f3nica color: A unique piece of majolica fired at 1050\u00ba C, decorated with ceramic pigments and glazed with transparent enamels at 980\u00ba C.","robots":{"index":"index","follow":"follow","max-snippet":"max-snippet:-1","max-image-preview":"max-image-preview:large","max-video-preview":"max-video-preview:-1"},"canonical":"https:\/\/alfajar.es\/en\/product\/lampara-conica-color","og_locale":"en_US","og_type":"article","og_title":"L\u00e1mpara c\u00f3nica color - Alfajar","og_description":"L\u00e1mpara c\u00f3nica color: A unique piece of majolica fired at 1050\u00ba C, decorated with ceramic pigments and glazed with transparent enamels at 980\u00ba C.","og_url":"https:\/\/alfajar.es\/en\/product\/lampara-conica-color","og_site_name":"Alfajar","article_publisher":"https:\/\/es-es.facebook.com\/alfajarmalaga\/","article_modified_time":"2025-12-23T10:04:08+00:00","og_image":[{"width":1600,"height":1600,"url":"https:\/\/alfajar.es\/contenido\/subidas\/2022\/06\/0026lc-alfajar-ceramica-lamparas-lampara-conica-color-1-2.jpg","type":"image\/jpeg"}],"twitter_card":"summary_large_image","twitter_misc":{"Est. reading time":"2 minutes"},"schema":{"@context":"https:\/\/schema.org","@graph":[{"@type":"WebPage","@id":"https:\/\/alfajar.es\/en\/product\/lampara-conica-color","url":"https:\/\/alfajar.es\/en\/product\/lampara-conica-color","name":"L\u00e1mpara c\u00f3nica color - Alfajar","isPartOf":{"@id":"https:\/\/alfajar.es\/en#website"},"datePublished":"2022-10-31T15:23:49+00:00","dateModified":"2025-12-23T10:04:08+00:00","description":"L\u00e1mpara c\u00f3nica color: A unique piece of majolica fired at 1050\u00ba C, decorated with ceramic pigments and glazed with transparent enamels at 980\u00ba C.","breadcrumb":{"@id":"https:\/\/alfajar.es\/en\/product\/lampara-conica-color#breadcrumb"},"inLanguage":"en-US","potentialAction":[{"@type":"ReadAction","target":["https:\/\/alfajar.es\/en\/product\/lampara-conica-color"]}]},{"@type":"BreadcrumbList","@id":"https:\/\/alfajar.es\/en\/product\/lampara-conica-color#breadcrumb","itemListElement":[{"@type":"ListItem","position":1,"name":"Portada","item":"https:\/\/alfajar.es\/en"},{"@type":"ListItem","position":2,"name":"Shop","item":"https:\/\/alfajar.es\/en\/shop"},{"@type":"ListItem","position":3,"name":"L\u00e1mpara c\u00f3nica color"}]},{"@type":"WebSite","@id":"https:\/\/alfajar.es\/en#website","url":"https:\/\/alfajar.es\/en","name":"Alfajar","description":"Tienda de Cer\u00e1mica Artesanal","publisher":{"@id":"https:\/\/alfajar.es\/en#organization"},"potentialAction":[{"@type":"SearchAction","target":{"@type":"EntryPoint","urlTemplate":"https:\/\/alfajar.es\/en?s={search_term_string}"},"query-input":"required name=search_term_string"}],"inLanguage":"en-US"},{"@type":"Organization","@id":"https:\/\/alfajar.es\/en#organization","name":"Alfajar","url":"https:\/\/alfajar.es\/en","logo":{"@type":"ImageObject","inLanguage":"en-US","@id":"https:\/\/alfajar.es\/en#\/schema\/logo\/image\/","url":"","contentUrl":"","caption":"Alfajar"},"image":{"@id":"https:\/\/alfajar.es\/en#\/schema\/logo\/image\/"},"sameAs":["https:\/\/es-es.facebook.com\/alfajarmalaga\/","https:\/\/www.instagram.com\/alfajarmalaga\/"]}]}},"_links":{"self":[{"href":"https:\/\/alfajar.es\/en\/wp-json\/wp\/v2\/product\/4829"}],"collection":[{"href":"https:\/\/alfajar.es\/en\/wp-json\/wp\/v2\/product"}],"about":[{"href":"https:\/\/alfajar.es\/en\/wp-json\/wp\/v2\/types\/product"}],"wp:featuredmedia":[{"embeddable":true,"href":"https:\/\/alfajar.es\/en\/wp-json\/wp\/v2\/media\/6262"}],"wp:attachment":[{"href":"https:\/\/alfajar.es\/en\/wp-json\/wp\/v2\/media?parent=4829"}],"wp:term":[{"taxonomy":"especial_taxonomy_product","embeddable":true,"href":"https:\/\/alfajar.es\/en\/wp-json\/wp\/v2\/especial_taxonomy_product?post=4829"},{"taxonomy":"product_cat","embeddable":true,"href":"https:\/\/alfajar.es\/en\/wp-json\/wp\/v2\/product_cat?post=4829"},{"taxonomy":"product_tag","embeddable":true,"href":"https:\/\/alfajar.es\/en\/wp-json\/wp\/v2\/product_tag?post=4829"}],"curies":[{"name":"wp","href":"https:\/\/api.w.org\/{rel}","templated":true}]}}