{"id":13095,"date":"2022-06-07T11:02:31","date_gmt":"2022-06-07T09:02:31","guid":{"rendered":"https:\/\/alfajar.es\/producto\/caballo-super-grande-malaga"},"modified":"2026-01-27T11:20:14","modified_gmt":"2026-01-27T10:20:14","slug":"caballo-super-grande-malaga","status":"publish","type":"product","link":"https:\/\/alfajar.es\/en\/product\/caballo-super-grande-malaga","title":{"rendered":"Caballo s\u00faper grande M\u00e1laga"},"content":{"rendered":"<p>En el caballo convergen m\u00faltiples acepciones simb\u00f3licas, a veces opuestas o contradictorias. Una creencia com\u00fan en la memoria de muchas culturas asocia el caballo a las tinieblas de las que surge, galopando como la sangre en las venas desde las entra\u00f1as de la tierra o los abismos del mar. As\u00ed es a la vez, portador de muerte y vida, ligado al fuego destructor y regenerador.<\/p>\n<p>El t\u00e9rmino ib\u00e9rico aplicado ya en la Grecia cl\u00e1sica para referirse a nuestra pen\u00ednsula a\u00f1ade connotaciones de asimilaci\u00f3n de las caracter\u00edsticas de los m\u00faltiples pueblos que la han invadido y ocupado. En nuestro caso se refiere a la estilizaci\u00f3n formal inspirada en las representaciones del Arte Ib\u00e9rico.<\/p>\n<p>Esta pieza est\u00e1 realizada en gres y tratada en su superficie de forma individual con \u00f3xidos de hierro, manganeso y cobalto, bajo un vidriado de ceniza, mediante una t\u00e9cnica mixta: reserva de cera y esgrafiado, ejecutado de forma manual y horneada en monococci\u00f3n a 1250\u00ba C.<\/p>\n","protected":false},"excerpt":{"rendered":"Caballo su\u0301per grande con decoraci\u00f3n personalizada.\r\nDecoraci\u00f3n con iconos malague\u00f1os como: La Manquita, la Farola, el espeto malague\u00f1o de sardinas, etc. o con iconos de otras ciudades. Inf\u00f3rmate en: <a href=\"mailto:info@alfajar.es\">info@alfajar.es<\/a>\r\nMedidas: 55x11x35 cm.","protected":false},"featured_media":12438,"template":"","meta":[],"especial_taxonomy_product":[],"product_cat":[66],"product_tag":[110],"acf":[],"yoast_head":"<!-- This site is optimized with the Yoast SEO plugin v21.7 - https:\/\/yoast.com\/wordpress\/plugins\/seo\/ -->\n<title>Caballo s\u00faper grande M\u00e1laga - Alfajar<\/title>\n<meta name=\"description\" content=\"Caballo s\u00faper grande M\u00e1laga con decoraci\u00f3n de iconos malague\u00f1os como: La Manquita, la Farola, el espeto malague\u00f1o de sardinas, etc.\" \/>\n<meta name=\"robots\" content=\"index, follow, max-snippet:-1, max-image-preview:large, max-video-preview:-1\" \/>\n<link rel=\"canonical\" href=\"https:\/\/alfajar.es\/en\/product\/caballo-super-grande-malaga\" \/>\n<meta property=\"og:locale\" content=\"en_US\" \/>\n<meta property=\"og:type\" content=\"article\" \/>\n<meta property=\"og:title\" content=\"Caballo s\u00faper grande M\u00e1laga - Alfajar\" \/>\n<meta property=\"og:description\" content=\"Caballo s\u00faper grande M\u00e1laga con decoraci\u00f3n de iconos malague\u00f1os como: La Manquita, la Farola, el espeto malague\u00f1o de sardinas, etc.\" \/>\n<meta property=\"og:url\" content=\"https:\/\/alfajar.es\/en\/product\/caballo-super-grande-malaga\" \/>\n<meta property=\"og:site_name\" content=\"Alfajar\" \/>\n<meta property=\"article:publisher\" content=\"https:\/\/es-es.facebook.com\/alfajarmalaga\/\" \/>\n<meta property=\"article:modified_time\" content=\"2026-01-27T10:20:14+00:00\" \/>\n<meta property=\"og:image\" content=\"https:\/\/alfajar.es\/contenido\/subidas\/2022\/06\/dsc5944-2-scaled.jpg\" \/>\n\t<meta property=\"og:image:width\" content=\"2560\" \/>\n\t<meta property=\"og:image:height\" content=\"2560\" \/>\n\t<meta property=\"og:image:type\" content=\"image\/jpeg\" \/>\n<meta name=\"twitter:card\" content=\"summary_large_image\" \/>\n<meta name=\"twitter:label1\" content=\"Est. reading time\" \/>\n\t<meta name=\"twitter:data1\" content=\"1 minute\" \/>\n<script type=\"application\/ld+json\" class=\"yoast-schema-graph\">{\"@context\":\"https:\/\/schema.org\",\"@graph\":[{\"@type\":\"WebPage\",\"@id\":\"https:\/\/alfajar.es\/en\/product\/caballo-super-grande-malaga\",\"url\":\"https:\/\/alfajar.es\/en\/product\/caballo-super-grande-malaga\",\"name\":\"Caballo s\u00faper grande M\u00e1laga - Alfajar\",\"isPartOf\":{\"@id\":\"https:\/\/alfajar.es\/en#website\"},\"datePublished\":\"2022-06-07T09:02:31+00:00\",\"dateModified\":\"2026-01-27T10:20:14+00:00\",\"description\":\"Caballo s\u00faper grande M\u00e1laga con decoraci\u00f3n de iconos malague\u00f1os como: La Manquita, la Farola, el espeto malague\u00f1o de sardinas, etc.\",\"breadcrumb\":{\"@id\":\"https:\/\/alfajar.es\/en\/product\/caballo-super-grande-malaga#breadcrumb\"},\"inLanguage\":\"en-US\",\"potentialAction\":[{\"@type\":\"ReadAction\",\"target\":[\"https:\/\/alfajar.es\/en\/product\/caballo-super-grande-malaga\"]}]},{\"@type\":\"BreadcrumbList\",\"@id\":\"https:\/\/alfajar.es\/en\/product\/caballo-super-grande-malaga#breadcrumb\",\"itemListElement\":[{\"@type\":\"ListItem\",\"position\":1,\"name\":\"Portada\",\"item\":\"https:\/\/alfajar.es\/en\"},{\"@type\":\"ListItem\",\"position\":2,\"name\":\"Shop\",\"item\":\"https:\/\/alfajar.es\/en\/shop\"},{\"@type\":\"ListItem\",\"position\":3,\"name\":\"Caballo s\u00faper grande M\u00e1laga\"}]},{\"@type\":\"WebSite\",\"@id\":\"https:\/\/alfajar.es\/en#website\",\"url\":\"https:\/\/alfajar.es\/en\",\"name\":\"Alfajar\",\"description\":\"Tienda de Cer\u00e1mica Artesanal\",\"publisher\":{\"@id\":\"https:\/\/alfajar.es\/en#organization\"},\"potentialAction\":[{\"@type\":\"SearchAction\",\"target\":{\"@type\":\"EntryPoint\",\"urlTemplate\":\"https:\/\/alfajar.es\/en?s={search_term_string}\"},\"query-input\":\"required name=search_term_string\"}],\"inLanguage\":\"en-US\"},{\"@type\":\"Organization\",\"@id\":\"https:\/\/alfajar.es\/en#organization\",\"name\":\"Alfajar\",\"url\":\"https:\/\/alfajar.es\/en\",\"logo\":{\"@type\":\"ImageObject\",\"inLanguage\":\"en-US\",\"@id\":\"https:\/\/alfajar.es\/en#\/schema\/logo\/image\/\",\"url\":\"\",\"contentUrl\":\"\",\"caption\":\"Alfajar\"},\"image\":{\"@id\":\"https:\/\/alfajar.es\/en#\/schema\/logo\/image\/\"},\"sameAs\":[\"https:\/\/es-es.facebook.com\/alfajarmalaga\/\",\"https:\/\/www.instagram.com\/alfajarmalaga\/\"]}]}<\/script>\n<!-- \/ Yoast SEO plugin. -->","yoast_head_json":{"title":"Caballo s\u00faper grande M\u00e1laga - Alfajar","description":"Caballo s\u00faper grande M\u00e1laga con decoraci\u00f3n de iconos malague\u00f1os como: La Manquita, la Farola, el espeto malague\u00f1o de sardinas, etc.","robots":{"index":"index","follow":"follow","max-snippet":"max-snippet:-1","max-image-preview":"max-image-preview:large","max-video-preview":"max-video-preview:-1"},"canonical":"https:\/\/alfajar.es\/en\/product\/caballo-super-grande-malaga","og_locale":"en_US","og_type":"article","og_title":"Caballo s\u00faper grande M\u00e1laga - Alfajar","og_description":"Caballo s\u00faper grande M\u00e1laga con decoraci\u00f3n de iconos malague\u00f1os como: La Manquita, la Farola, el espeto malague\u00f1o de sardinas, etc.","og_url":"https:\/\/alfajar.es\/en\/product\/caballo-super-grande-malaga","og_site_name":"Alfajar","article_publisher":"https:\/\/es-es.facebook.com\/alfajarmalaga\/","article_modified_time":"2026-01-27T10:20:14+00:00","og_image":[{"width":2560,"height":2560,"url":"https:\/\/alfajar.es\/contenido\/subidas\/2022\/06\/dsc5944-2-scaled.jpg","type":"image\/jpeg"}],"twitter_card":"summary_large_image","twitter_misc":{"Est. reading time":"1 minute"},"schema":{"@context":"https:\/\/schema.org","@graph":[{"@type":"WebPage","@id":"https:\/\/alfajar.es\/en\/product\/caballo-super-grande-malaga","url":"https:\/\/alfajar.es\/en\/product\/caballo-super-grande-malaga","name":"Caballo s\u00faper grande M\u00e1laga - Alfajar","isPartOf":{"@id":"https:\/\/alfajar.es\/en#website"},"datePublished":"2022-06-07T09:02:31+00:00","dateModified":"2026-01-27T10:20:14+00:00","description":"Caballo s\u00faper grande M\u00e1laga con decoraci\u00f3n de iconos malague\u00f1os como: La Manquita, la Farola, el espeto malague\u00f1o de sardinas, etc.","breadcrumb":{"@id":"https:\/\/alfajar.es\/en\/product\/caballo-super-grande-malaga#breadcrumb"},"inLanguage":"en-US","potentialAction":[{"@type":"ReadAction","target":["https:\/\/alfajar.es\/en\/product\/caballo-super-grande-malaga"]}]},{"@type":"BreadcrumbList","@id":"https:\/\/alfajar.es\/en\/product\/caballo-super-grande-malaga#breadcrumb","itemListElement":[{"@type":"ListItem","position":1,"name":"Portada","item":"https:\/\/alfajar.es\/en"},{"@type":"ListItem","position":2,"name":"Shop","item":"https:\/\/alfajar.es\/en\/shop"},{"@type":"ListItem","position":3,"name":"Caballo s\u00faper grande M\u00e1laga"}]},{"@type":"WebSite","@id":"https:\/\/alfajar.es\/en#website","url":"https:\/\/alfajar.es\/en","name":"Alfajar","description":"Tienda de Cer\u00e1mica Artesanal","publisher":{"@id":"https:\/\/alfajar.es\/en#organization"},"potentialAction":[{"@type":"SearchAction","target":{"@type":"EntryPoint","urlTemplate":"https:\/\/alfajar.es\/en?s={search_term_string}"},"query-input":"required name=search_term_string"}],"inLanguage":"en-US"},{"@type":"Organization","@id":"https:\/\/alfajar.es\/en#organization","name":"Alfajar","url":"https:\/\/alfajar.es\/en","logo":{"@type":"ImageObject","inLanguage":"en-US","@id":"https:\/\/alfajar.es\/en#\/schema\/logo\/image\/","url":"","contentUrl":"","caption":"Alfajar"},"image":{"@id":"https:\/\/alfajar.es\/en#\/schema\/logo\/image\/"},"sameAs":["https:\/\/es-es.facebook.com\/alfajarmalaga\/","https:\/\/www.instagram.com\/alfajarmalaga\/"]}]}},"_links":{"self":[{"href":"https:\/\/alfajar.es\/en\/wp-json\/wp\/v2\/product\/13095"}],"collection":[{"href":"https:\/\/alfajar.es\/en\/wp-json\/wp\/v2\/product"}],"about":[{"href":"https:\/\/alfajar.es\/en\/wp-json\/wp\/v2\/types\/product"}],"wp:featuredmedia":[{"embeddable":true,"href":"https:\/\/alfajar.es\/en\/wp-json\/wp\/v2\/media\/12438"}],"wp:attachment":[{"href":"https:\/\/alfajar.es\/en\/wp-json\/wp\/v2\/media?parent=13095"}],"wp:term":[{"taxonomy":"especial_taxonomy_product","embeddable":true,"href":"https:\/\/alfajar.es\/en\/wp-json\/wp\/v2\/especial_taxonomy_product?post=13095"},{"taxonomy":"product_cat","embeddable":true,"href":"https:\/\/alfajar.es\/en\/wp-json\/wp\/v2\/product_cat?post=13095"},{"taxonomy":"product_tag","embeddable":true,"href":"https:\/\/alfajar.es\/en\/wp-json\/wp\/v2\/product_tag?post=13095"}],"curies":[{"name":"wp","href":"https:\/\/api.w.org\/{rel}","templated":true}]}}