{"id":8679,"date":"2022-10-31T09:15:15","date_gmt":"2022-10-31T09:15:15","guid":{"rendered":"https:\/\/alfajar.branng.com\/?page_id=8679"},"modified":"2022-11-02T13:59:09","modified_gmt":"2022-11-02T13:59:09","slug":"jose-antonio-diazdel","status":"publish","type":"page","link":"https:\/\/alfajar.es\/en\/jose-antonio-diazdel","title":{"rendered":"Jos\u00e9 Antonio Diazdel"},"content":{"rendered":"","protected":false},"excerpt":{"rendered":"","protected":false},"author":5,"featured_media":8685,"parent":0,"menu_order":0,"comment_status":"closed","ping_status":"closed","template":"templates\/template-home.php","meta":[],"acf":[],"yoast_head":"<!-- This site is optimized with the Yoast SEO plugin v21.7 - https:\/\/yoast.com\/wordpress\/plugins\/seo\/ -->\n<title>Jos\u00e9 Antonio Diazdel - Alfajar<\/title>\n<meta name=\"description\" content=\"Jos\u00e9 Antonio Diazdel is a multidisciplinary artist from Benalm\u00e1dena, Malaga. His imaginary is shown through paintings and graphic work.\" \/>\n<meta name=\"robots\" content=\"index, follow, max-snippet:-1, max-image-preview:large, max-video-preview:-1\" \/>\n<link rel=\"canonical\" href=\"https:\/\/alfajar.es\/en\/jose-antonio-diazdel\" \/>\n<meta property=\"og:locale\" content=\"en_US\" \/>\n<meta property=\"og:type\" content=\"article\" \/>\n<meta property=\"og:title\" content=\"Jos\u00e9 Antonio Diazdel - Alfajar\" \/>\n<meta property=\"og:description\" content=\"Jos\u00e9 Antonio Diazdel is a multidisciplinary artist from Benalm\u00e1dena, Malaga. His imaginary is shown through paintings and graphic work.\" \/>\n<meta property=\"og:url\" content=\"https:\/\/alfajar.es\/en\/jose-antonio-diazdel\" \/>\n<meta property=\"og:site_name\" content=\"Alfajar\" \/>\n<meta property=\"article:publisher\" content=\"https:\/\/es-es.facebook.com\/alfajarmalaga\/\" \/>\n<meta property=\"article:modified_time\" content=\"2022-11-02T13:59:09+00:00\" \/>\n<meta property=\"og:image\" content=\"https:\/\/alfajar.es\/contenido\/subidas\/2022\/10\/diazdel-actriz-secundaria-1-1.jpg\" \/>\n\t<meta property=\"og:image:width\" content=\"827\" \/>\n\t<meta property=\"og:image:height\" content=\"1017\" \/>\n\t<meta property=\"og:image:type\" content=\"image\/jpeg\" \/>\n<meta name=\"twitter:card\" content=\"summary_large_image\" \/>\n<script type=\"application\/ld+json\" class=\"yoast-schema-graph\">{\"@context\":\"https:\/\/schema.org\",\"@graph\":[{\"@type\":\"WebPage\",\"@id\":\"https:\/\/alfajar.es\/en\/jose-antonio-diazdel\",\"url\":\"https:\/\/alfajar.es\/en\/jose-antonio-diazdel\",\"name\":\"Jos\u00e9 Antonio Diazdel - Alfajar\",\"isPartOf\":{\"@id\":\"https:\/\/alfajar.es\/en#website\"},\"datePublished\":\"2022-10-31T09:15:15+00:00\",\"dateModified\":\"2022-11-02T13:59:09+00:00\",\"description\":\"Jos\u00e9 Antonio Diazdel is a multidisciplinary artist from Benalm\u00e1dena, Malaga. His imaginary is shown through paintings and graphic work.\",\"breadcrumb\":{\"@id\":\"https:\/\/alfajar.es\/en\/jose-antonio-diazdel#breadcrumb\"},\"inLanguage\":\"en-US\",\"potentialAction\":[{\"@type\":\"ReadAction\",\"target\":[\"https:\/\/alfajar.es\/en\/jose-antonio-diazdel\"]}]},{\"@type\":\"BreadcrumbList\",\"@id\":\"https:\/\/alfajar.es\/en\/jose-antonio-diazdel#breadcrumb\",\"itemListElement\":[{\"@type\":\"ListItem\",\"position\":1,\"name\":\"Portada\",\"item\":\"https:\/\/alfajar.es\/en\"},{\"@type\":\"ListItem\",\"position\":2,\"name\":\"Jos\u00e9 Antonio Diazdel\"}]},{\"@type\":\"WebSite\",\"@id\":\"https:\/\/alfajar.es\/en#website\",\"url\":\"https:\/\/alfajar.es\/en\",\"name\":\"Alfajar\",\"description\":\"Tienda de Cer\u00e1mica Artesanal\",\"publisher\":{\"@id\":\"https:\/\/alfajar.es\/en#organization\"},\"potentialAction\":[{\"@type\":\"SearchAction\",\"target\":{\"@type\":\"EntryPoint\",\"urlTemplate\":\"https:\/\/alfajar.es\/en?s={search_term_string}\"},\"query-input\":\"required name=search_term_string\"}],\"inLanguage\":\"en-US\"},{\"@type\":\"Organization\",\"@id\":\"https:\/\/alfajar.es\/en#organization\",\"name\":\"Alfajar\",\"url\":\"https:\/\/alfajar.es\/en\",\"logo\":{\"@type\":\"ImageObject\",\"inLanguage\":\"en-US\",\"@id\":\"https:\/\/alfajar.es\/en#\/schema\/logo\/image\/\",\"url\":\"\",\"contentUrl\":\"\",\"caption\":\"Alfajar\"},\"image\":{\"@id\":\"https:\/\/alfajar.es\/en#\/schema\/logo\/image\/\"},\"sameAs\":[\"https:\/\/es-es.facebook.com\/alfajarmalaga\/\",\"https:\/\/www.instagram.com\/alfajarmalaga\/\"]}]}<\/script>\n<!-- \/ Yoast SEO plugin. -->","yoast_head_json":{"title":"Jos\u00e9 Antonio Diazdel - Alfajar","description":"Jos\u00e9 Antonio Diazdel is a multidisciplinary artist from Benalm\u00e1dena, Malaga. His imaginary is shown through paintings and graphic work.","robots":{"index":"index","follow":"follow","max-snippet":"max-snippet:-1","max-image-preview":"max-image-preview:large","max-video-preview":"max-video-preview:-1"},"canonical":"https:\/\/alfajar.es\/en\/jose-antonio-diazdel","og_locale":"en_US","og_type":"article","og_title":"Jos\u00e9 Antonio Diazdel - Alfajar","og_description":"Jos\u00e9 Antonio Diazdel is a multidisciplinary artist from Benalm\u00e1dena, Malaga. His imaginary is shown through paintings and graphic work.","og_url":"https:\/\/alfajar.es\/en\/jose-antonio-diazdel","og_site_name":"Alfajar","article_publisher":"https:\/\/es-es.facebook.com\/alfajarmalaga\/","article_modified_time":"2022-11-02T13:59:09+00:00","og_image":[{"width":827,"height":1017,"url":"https:\/\/alfajar.es\/contenido\/subidas\/2022\/10\/diazdel-actriz-secundaria-1-1.jpg","type":"image\/jpeg"}],"twitter_card":"summary_large_image","schema":{"@context":"https:\/\/schema.org","@graph":[{"@type":"WebPage","@id":"https:\/\/alfajar.es\/en\/jose-antonio-diazdel","url":"https:\/\/alfajar.es\/en\/jose-antonio-diazdel","name":"Jos\u00e9 Antonio Diazdel - Alfajar","isPartOf":{"@id":"https:\/\/alfajar.es\/en#website"},"datePublished":"2022-10-31T09:15:15+00:00","dateModified":"2022-11-02T13:59:09+00:00","description":"Jos\u00e9 Antonio Diazdel is a multidisciplinary artist from Benalm\u00e1dena, Malaga. His imaginary is shown through paintings and graphic work.","breadcrumb":{"@id":"https:\/\/alfajar.es\/en\/jose-antonio-diazdel#breadcrumb"},"inLanguage":"en-US","potentialAction":[{"@type":"ReadAction","target":["https:\/\/alfajar.es\/en\/jose-antonio-diazdel"]}]},{"@type":"BreadcrumbList","@id":"https:\/\/alfajar.es\/en\/jose-antonio-diazdel#breadcrumb","itemListElement":[{"@type":"ListItem","position":1,"name":"Portada","item":"https:\/\/alfajar.es\/en"},{"@type":"ListItem","position":2,"name":"Jos\u00e9 Antonio Diazdel"}]},{"@type":"WebSite","@id":"https:\/\/alfajar.es\/en#website","url":"https:\/\/alfajar.es\/en","name":"Alfajar","description":"Tienda de Cer\u00e1mica Artesanal","publisher":{"@id":"https:\/\/alfajar.es\/en#organization"},"potentialAction":[{"@type":"SearchAction","target":{"@type":"EntryPoint","urlTemplate":"https:\/\/alfajar.es\/en?s={search_term_string}"},"query-input":"required name=search_term_string"}],"inLanguage":"en-US"},{"@type":"Organization","@id":"https:\/\/alfajar.es\/en#organization","name":"Alfajar","url":"https:\/\/alfajar.es\/en","logo":{"@type":"ImageObject","inLanguage":"en-US","@id":"https:\/\/alfajar.es\/en#\/schema\/logo\/image\/","url":"","contentUrl":"","caption":"Alfajar"},"image":{"@id":"https:\/\/alfajar.es\/en#\/schema\/logo\/image\/"},"sameAs":["https:\/\/es-es.facebook.com\/alfajarmalaga\/","https:\/\/www.instagram.com\/alfajarmalaga\/"]}]}},"_links":{"self":[{"href":"https:\/\/alfajar.es\/en\/wp-json\/wp\/v2\/pages\/8679"}],"collection":[{"href":"https:\/\/alfajar.es\/en\/wp-json\/wp\/v2\/pages"}],"about":[{"href":"https:\/\/alfajar.es\/en\/wp-json\/wp\/v2\/types\/page"}],"author":[{"embeddable":true,"href":"https:\/\/alfajar.es\/en\/wp-json\/wp\/v2\/users\/5"}],"replies":[{"embeddable":true,"href":"https:\/\/alfajar.es\/en\/wp-json\/wp\/v2\/comments?post=8679"}],"version-history":[{"count":2,"href":"https:\/\/alfajar.es\/en\/wp-json\/wp\/v2\/pages\/8679\/revisions"}],"predecessor-version":[{"id":9801,"href":"https:\/\/alfajar.es\/en\/wp-json\/wp\/v2\/pages\/8679\/revisions\/9801"}],"wp:featuredmedia":[{"embeddable":true,"href":"https:\/\/alfajar.es\/en\/wp-json\/wp\/v2\/media\/8685"}],"wp:attachment":[{"href":"https:\/\/alfajar.es\/en\/wp-json\/wp\/v2\/media?parent=8679"}],"curies":[{"name":"wp","href":"https:\/\/api.w.org\/{rel}","templated":true}]}}