{"id":6540,"date":"2022-10-24T15:00:00","date_gmt":"2022-10-24T15:00:00","guid":{"rendered":"https:\/\/alfajar.branng.com\/?page_id=6540"},"modified":"2022-11-10T11:58:31","modified_gmt":"2022-11-10T11:58:31","slug":"exposicion-alfajar-encarnacion-hernandez","status":"publish","type":"page","link":"https:\/\/alfajar.es\/en\/exposicion-alfajar-encarnacion-hernandez","title":{"rendered":"Encarnaci\u00f3n Hern\u00e1ndez"},"content":{"rendered":"","protected":false},"excerpt":{"rendered":"","protected":false},"author":5,"featured_media":6545,"parent":0,"menu_order":0,"comment_status":"closed","ping_status":"closed","template":"templates\/template-home.php","meta":[],"acf":[],"yoast_head":"<!-- This site is optimized with the Yoast SEO plugin v21.7 - https:\/\/yoast.com\/wordpress\/plugins\/seo\/ -->\n<title>Encarnaci\u00f3n Hern\u00e1ndez - Alfajar Sala<\/title>\n<meta name=\"description\" content=\"Encarnaci\u00f3n Hern\u00e1ndez returns to Malaga with a representative sample of her artistic work in sculpture, painting and jewelry of recent years.\" \/>\n<meta name=\"robots\" content=\"index, follow, max-snippet:-1, max-image-preview:large, max-video-preview:-1\" \/>\n<link rel=\"canonical\" href=\"https:\/\/alfajar.es\/en\/exposicion-alfajar-encarnacion-hernandez\" \/>\n<meta property=\"og:locale\" content=\"en_US\" \/>\n<meta property=\"og:type\" content=\"article\" \/>\n<meta property=\"og:title\" content=\"Encarnaci\u00f3n Hern\u00e1ndez - Alfajar Sala\" \/>\n<meta property=\"og:description\" content=\"Encarnaci\u00f3n Hern\u00e1ndez returns to Malaga with a representative sample of her artistic work in sculpture, painting and jewelry of recent years.\" \/>\n<meta property=\"og:url\" content=\"https:\/\/alfajar.es\/en\/exposicion-alfajar-encarnacion-hernandez\" \/>\n<meta property=\"og:site_name\" content=\"Alfajar\" \/>\n<meta property=\"article:publisher\" content=\"https:\/\/es-es.facebook.com\/alfajarmalaga\/\" \/>\n<meta property=\"article:modified_time\" content=\"2022-11-10T11:58:31+00:00\" \/>\n<meta property=\"og:image\" content=\"https:\/\/alfajar.es\/contenido\/subidas\/2022\/09\/encarnacionhernandez01_1680px.jpg\" \/>\n\t<meta property=\"og:image:width\" content=\"1680\" \/>\n\t<meta property=\"og:image:height\" content=\"1680\" \/>\n\t<meta property=\"og:image:type\" content=\"image\/jpeg\" \/>\n<meta name=\"twitter:card\" content=\"summary_large_image\" \/>\n<script type=\"application\/ld+json\" class=\"yoast-schema-graph\">{\"@context\":\"https:\/\/schema.org\",\"@graph\":[{\"@type\":\"WebPage\",\"@id\":\"https:\/\/alfajar.es\/en\/exposicion-alfajar-encarnacion-hernandez\",\"url\":\"https:\/\/alfajar.es\/en\/exposicion-alfajar-encarnacion-hernandez\",\"name\":\"Encarnaci\u00f3n Hern\u00e1ndez - Alfajar Sala\",\"isPartOf\":{\"@id\":\"https:\/\/alfajar.es\/en#website\"},\"datePublished\":\"2022-10-24T15:00:00+00:00\",\"dateModified\":\"2022-11-10T11:58:31+00:00\",\"description\":\"Encarnaci\u00f3n Hern\u00e1ndez returns to Malaga with a representative sample of her artistic work in sculpture, painting and jewelry of recent years.\",\"breadcrumb\":{\"@id\":\"https:\/\/alfajar.es\/en\/exposicion-alfajar-encarnacion-hernandez#breadcrumb\"},\"inLanguage\":\"en-US\",\"potentialAction\":[{\"@type\":\"ReadAction\",\"target\":[\"https:\/\/alfajar.es\/en\/exposicion-alfajar-encarnacion-hernandez\"]}]},{\"@type\":\"BreadcrumbList\",\"@id\":\"https:\/\/alfajar.es\/en\/exposicion-alfajar-encarnacion-hernandez#breadcrumb\",\"itemListElement\":[{\"@type\":\"ListItem\",\"position\":1,\"name\":\"Portada\",\"item\":\"https:\/\/alfajar.es\/en\"},{\"@type\":\"ListItem\",\"position\":2,\"name\":\"Encarnaci\u00f3n Hern\u00e1ndez\"}]},{\"@type\":\"WebSite\",\"@id\":\"https:\/\/alfajar.es\/en#website\",\"url\":\"https:\/\/alfajar.es\/en\",\"name\":\"Alfajar\",\"description\":\"Tienda de Cer\u00e1mica Artesanal\",\"publisher\":{\"@id\":\"https:\/\/alfajar.es\/en#organization\"},\"potentialAction\":[{\"@type\":\"SearchAction\",\"target\":{\"@type\":\"EntryPoint\",\"urlTemplate\":\"https:\/\/alfajar.es\/en?s={search_term_string}\"},\"query-input\":\"required name=search_term_string\"}],\"inLanguage\":\"en-US\"},{\"@type\":\"Organization\",\"@id\":\"https:\/\/alfajar.es\/en#organization\",\"name\":\"Alfajar\",\"url\":\"https:\/\/alfajar.es\/en\",\"logo\":{\"@type\":\"ImageObject\",\"inLanguage\":\"en-US\",\"@id\":\"https:\/\/alfajar.es\/en#\/schema\/logo\/image\/\",\"url\":\"\",\"contentUrl\":\"\",\"caption\":\"Alfajar\"},\"image\":{\"@id\":\"https:\/\/alfajar.es\/en#\/schema\/logo\/image\/\"},\"sameAs\":[\"https:\/\/es-es.facebook.com\/alfajarmalaga\/\",\"https:\/\/www.instagram.com\/alfajarmalaga\/\"]}]}<\/script>\n<!-- \/ Yoast SEO plugin. -->","yoast_head_json":{"title":"Encarnaci\u00f3n Hern\u00e1ndez - Alfajar Sala","description":"Encarnaci\u00f3n Hern\u00e1ndez returns to Malaga with a representative sample of her artistic work in sculpture, painting and jewelry of recent years.","robots":{"index":"index","follow":"follow","max-snippet":"max-snippet:-1","max-image-preview":"max-image-preview:large","max-video-preview":"max-video-preview:-1"},"canonical":"https:\/\/alfajar.es\/en\/exposicion-alfajar-encarnacion-hernandez","og_locale":"en_US","og_type":"article","og_title":"Encarnaci\u00f3n Hern\u00e1ndez - Alfajar Sala","og_description":"Encarnaci\u00f3n Hern\u00e1ndez returns to Malaga with a representative sample of her artistic work in sculpture, painting and jewelry of recent years.","og_url":"https:\/\/alfajar.es\/en\/exposicion-alfajar-encarnacion-hernandez","og_site_name":"Alfajar","article_publisher":"https:\/\/es-es.facebook.com\/alfajarmalaga\/","article_modified_time":"2022-11-10T11:58:31+00:00","og_image":[{"width":1680,"height":1680,"url":"https:\/\/alfajar.es\/contenido\/subidas\/2022\/09\/encarnacionhernandez01_1680px.jpg","type":"image\/jpeg"}],"twitter_card":"summary_large_image","schema":{"@context":"https:\/\/schema.org","@graph":[{"@type":"WebPage","@id":"https:\/\/alfajar.es\/en\/exposicion-alfajar-encarnacion-hernandez","url":"https:\/\/alfajar.es\/en\/exposicion-alfajar-encarnacion-hernandez","name":"Encarnaci\u00f3n Hern\u00e1ndez - Alfajar Sala","isPartOf":{"@id":"https:\/\/alfajar.es\/en#website"},"datePublished":"2022-10-24T15:00:00+00:00","dateModified":"2022-11-10T11:58:31+00:00","description":"Encarnaci\u00f3n Hern\u00e1ndez returns to Malaga with a representative sample of her artistic work in sculpture, painting and jewelry of recent years.","breadcrumb":{"@id":"https:\/\/alfajar.es\/en\/exposicion-alfajar-encarnacion-hernandez#breadcrumb"},"inLanguage":"en-US","potentialAction":[{"@type":"ReadAction","target":["https:\/\/alfajar.es\/en\/exposicion-alfajar-encarnacion-hernandez"]}]},{"@type":"BreadcrumbList","@id":"https:\/\/alfajar.es\/en\/exposicion-alfajar-encarnacion-hernandez#breadcrumb","itemListElement":[{"@type":"ListItem","position":1,"name":"Portada","item":"https:\/\/alfajar.es\/en"},{"@type":"ListItem","position":2,"name":"Encarnaci\u00f3n Hern\u00e1ndez"}]},{"@type":"WebSite","@id":"https:\/\/alfajar.es\/en#website","url":"https:\/\/alfajar.es\/en","name":"Alfajar","description":"Tienda de Cer\u00e1mica Artesanal","publisher":{"@id":"https:\/\/alfajar.es\/en#organization"},"potentialAction":[{"@type":"SearchAction","target":{"@type":"EntryPoint","urlTemplate":"https:\/\/alfajar.es\/en?s={search_term_string}"},"query-input":"required name=search_term_string"}],"inLanguage":"en-US"},{"@type":"Organization","@id":"https:\/\/alfajar.es\/en#organization","name":"Alfajar","url":"https:\/\/alfajar.es\/en","logo":{"@type":"ImageObject","inLanguage":"en-US","@id":"https:\/\/alfajar.es\/en#\/schema\/logo\/image\/","url":"","contentUrl":"","caption":"Alfajar"},"image":{"@id":"https:\/\/alfajar.es\/en#\/schema\/logo\/image\/"},"sameAs":["https:\/\/es-es.facebook.com\/alfajarmalaga\/","https:\/\/www.instagram.com\/alfajarmalaga\/"]}]}},"_links":{"self":[{"href":"https:\/\/alfajar.es\/en\/wp-json\/wp\/v2\/pages\/6540"}],"collection":[{"href":"https:\/\/alfajar.es\/en\/wp-json\/wp\/v2\/pages"}],"about":[{"href":"https:\/\/alfajar.es\/en\/wp-json\/wp\/v2\/types\/page"}],"author":[{"embeddable":true,"href":"https:\/\/alfajar.es\/en\/wp-json\/wp\/v2\/users\/5"}],"replies":[{"embeddable":true,"href":"https:\/\/alfajar.es\/en\/wp-json\/wp\/v2\/comments?post=6540"}],"version-history":[{"count":5,"href":"https:\/\/alfajar.es\/en\/wp-json\/wp\/v2\/pages\/6540\/revisions"}],"predecessor-version":[{"id":10099,"href":"https:\/\/alfajar.es\/en\/wp-json\/wp\/v2\/pages\/6540\/revisions\/10099"}],"wp:featuredmedia":[{"embeddable":true,"href":"https:\/\/alfajar.es\/en\/wp-json\/wp\/v2\/media\/6545"}],"wp:attachment":[{"href":"https:\/\/alfajar.es\/en\/wp-json\/wp\/v2\/media?parent=6540"}],"curies":[{"name":"wp","href":"https:\/\/api.w.org\/{rel}","templated":true}]}}